{"id":24,"date":"2017-08-29T14:20:11","date_gmt":"2017-08-29T12:20:11","guid":{"rendered":"http:\/\/kierner.at\/?page_id=24"},"modified":"2017-11-07T09:35:24","modified_gmt":"2017-11-07T08:35:24","slug":"service","status":"publish","type":"page","link":"https:\/\/kierner.at\/?page_id=24","title":{"rendered":"Service"},"content":{"rendered":"<p><span style=\"color: #fe9700;\">Bestellinformationen<\/span> | <span style=\"color: #fe9700;\">Folieninformationen<\/span> | <span style=\"color: #fe9700;\">Montageanleitungen<\/span> | <span style=\"color: #fe9700;\">Folienabl\u00f6setipps<\/span> | <span style=\"color: #fe9700;\">Magnetfolienschilder<\/span><\/p>\n<p>&nbsp;<\/p>\n<p class=\"rtecenter\"><span style=\"color: #fe9700;\"><strong>BESTELLINFORMATION<\/strong><\/span><\/p>\n<p>Kommen Sie mit ihren Ideen und W\u00fcnschen zu uns. Wir beraten Sie gerne und erstellen ein kostenloses Preisangebot.<br \/>\nF\u00fcr eine Bestellung ben\u00f6tigen wir\u00a0 folgende Informationen:<\/p>\n<ol style=\"list-style-position: outside;\">\n<li>Menge.<\/li>\n<li>Text (Logos\/Vorlagen\/Bilder oder Daten*). Bei Texten ohne Vorlage bitte Schriftnamen angeben.<\/li>\n<li>Formate (Schriftgr\u00f6\u00dfen oder Schilder- oder Fensterformate) in mm,<br \/>\nbei Autos die Marke, Type, Gesamtl\u00e4nge oder Radstand, Baujahr, Farbe und wenn m\u00f6glich Bilder der Frontalansichten (nicht schr\u00e4g, nicht von oben oder unten).<\/li>\n<li>Farbangaben (RAL, Pantone, HKS) bei Druckdaten CMYK-Werte und Folienqualit\u00e4t.<\/li>\n<li>Material (z.B. Schildermaterial, Bedruckmaterial) und Zubeh\u00f6r (Befestigungen..).<\/li>\n<li>Gew\u00fcnschter Liefer- oder Montagetermin, Lieferart, sonstige W\u00fcnsche.<\/li>\n<\/ol>\n<p>*) Daten zum Plotten: Vektorgrafik als PDF- oder EPS-Datei.<br \/>\nDaten zum Drucken: Druck PDF in CMYK oder JPG oder EPS (weitere Formate nach R\u00fccksprache).<\/p>\n<p>&nbsp;<\/p>\n<p class=\"rtecenter\"><span style=\"color: #fe9700;\"><strong>FOLIENINFORMATION<\/strong><\/span><\/p>\n<p><strong>Folien 1 (5 &#8211; 7 Jahre)<\/strong><br \/>\nMarkenfolien (Avery, 3M, Mactac &#8230;) der Klasse 1 sind \u00fcber viele Jahre ma\u00dfhaltig, witterungsbest\u00e4ndig, lichtecht und haben eine gro\u00dfe Farbauswahl.<\/p>\n<p>Diese Folien eignen sich f\u00fcr Fahrzeugbeschriftungen, Langzeit- und Au\u00dfenwerbung, Stra\u00dfenbeschilderungen usw..<\/p>\n<p><strong>Folien 2 (1 &#8211; 2 Jahre)<\/strong><br \/>\nFolien dieser Kategorie k\u00f6nnen zwar vom selben Hersteller (wie Folien 1) sein, doch durch eine einfachere Herstellungsart lassen die Klebekraft, Licht- und Ma\u00dfhaltigkeit rascher nach. \u201eFolien 2\u201c sind meist etwas dicker (ca. 0,1 mm), haben eine kleinere Farbauswahl und lassen sich an Produktnummern und am Tr\u00e4gerpapieraufdruck von Folien 1 unterscheiden.<\/p>\n<p>Einsatzgebiete sind Innen- und Kurzzeitwerbung (Messen, Aktionen&#8230;).<\/p>\n<p><strong>Folien 3 (Spezialanwendungen)<\/strong><\/p>\n<p>Das sind bei uns transluszente Folien (f\u00fcr Leuchtschilder), \u00a0Reflektionsfolien aber auch Flock- und Schablonenfolien sowie der gesamte Bereich der Fensterfolien wie UV- und Sonnenschutz, Splitterschutz und Sichtschutz&#8230;<br \/>\nJe nach Anforderung gibt es hier verschiedene Produkte.<\/p>\n<p>&nbsp;<\/p>\n<p><span style=\"color: #fe9700;\"><strong>Montageanleitung f\u00fcr Plots mit Transferfolie<\/strong><\/span><\/p>\n<div class='w3eden'><!-- WPDM Link Template: Default Template -->\n\n<div class=\"link-template-default card mb-2\">\n    <div class=\"card-body\">\n        <div class=\"media\">\n            <div class=\"mr-3 img-48\"><img decoding=\"async\" class=\"wpdm_icon\" alt=\"Icon\"   src=\"http:\/\/kierner.at\/wp-content\/plugins\/download-manager\/assets\/file-type-icons\/pdf.png\" \/><\/div>\n            <div class=\"media-body\">\n                <h3 class=\"package-title\"><a href='https:\/\/kierner.at\/?wpdmpro=klebeanleitung-transferfolie'>Klebeanleitung Transferfolie<\/a><\/h3>\n                <div class=\"text-muted text-small\"><i class=\"fas fa-copy\"><\/i> 1 Datei(en) <i class=\"fas fa-hdd ml-3\"><\/i> 3.08 MB<\/div>\n            <\/div>\n            <div class=\"ml-3\">\n                <a class='wpdm-download-link download-on-click btn btn-primary ' rel='nofollow' href='#' data-downloadurl=\"https:\/\/kierner.at\/?wpdmpro=klebeanleitung-transferfolie&wpdmdl=330&refresh=69d5552356ed51775588643\">Download<\/a>\n            <\/div>\n        <\/div>\n    <\/div>\n<\/div>\n\n<\/div>\n<p>&nbsp;<\/p>\n<p><span style=\"color: #fe9700;\"><strong>Montageanleitung f\u00fcr selbstklebende Folien mit Nass- oder Trockenverklebung<\/strong><\/span><\/p>\n<div class='w3eden'><!-- WPDM Link Template: Default Template -->\n\n<div class=\"link-template-default card mb-2\">\n    <div class=\"card-body\">\n        <div class=\"media\">\n            <div class=\"mr-3 img-48\"><img decoding=\"async\" class=\"wpdm_icon\" alt=\"Icon\"   src=\"http:\/\/kierner.at\/wp-content\/plugins\/download-manager\/assets\/file-type-icons\/pdf.png\" \/><\/div>\n            <div class=\"media-body\">\n                <h3 class=\"package-title\"><a href='https:\/\/kierner.at\/?wpdmpro=klebeanleitungnasstrocken'>KlebeanleitungNassTrocken<\/a><\/h3>\n                <div class=\"text-muted text-small\"><i class=\"fas fa-copy\"><\/i> 1 Datei(en) <i class=\"fas fa-hdd ml-3\"><\/i> 2.54 MB<\/div>\n            <\/div>\n            <div class=\"ml-3\">\n                <a class='wpdm-download-link download-on-click btn btn-primary ' rel='nofollow' href='#' data-downloadurl=\"https:\/\/kierner.at\/?wpdmpro=klebeanleitungnasstrocken&wpdmdl=332&refresh=69d5552359c001775588643\">Download<\/a>\n            <\/div>\n        <\/div>\n    <\/div>\n<\/div>\n\n<\/div>\n<p>&nbsp;<\/p>\n<p><span style=\"color: #fe9700;\"><strong>Abl\u00f6setipps von Folien<\/strong><\/span><\/p>\n<div class='w3eden'><!-- WPDM Link Template: Default Template -->\n\n<div class=\"link-template-default card mb-2\">\n    <div class=\"card-body\">\n        <div class=\"media\">\n            <div class=\"mr-3 img-48\"><img decoding=\"async\" class=\"wpdm_icon\" alt=\"Icon\"   src=\"http:\/\/kierner.at\/wp-content\/plugins\/download-manager\/assets\/file-type-icons\/pdf.png\" \/><\/div>\n            <div class=\"media-body\">\n                <h3 class=\"package-title\"><a href='https:\/\/kierner.at\/?wpdmpro=abloesetipps'>Abloesetipps<\/a><\/h3>\n                <div class=\"text-muted text-small\"><i class=\"fas fa-copy\"><\/i> 1 Datei(en) <i class=\"fas fa-hdd ml-3\"><\/i> 266.70 KB<\/div>\n            <\/div>\n            <div class=\"ml-3\">\n                <a class='wpdm-download-link download-on-click btn btn-primary ' rel='nofollow' href='#' data-downloadurl=\"https:\/\/kierner.at\/?wpdmpro=abloesetipps&wpdmdl=334&refresh=69d555235b15e1775588643\">Download<\/a>\n            <\/div>\n        <\/div>\n    <\/div>\n<\/div>\n\n<\/div>\n<p>&nbsp;<\/p>\n<p class=\"rtecenter\"><span style=\"color: #fe9700;\"><strong>Magnetfolienschilder<\/strong><\/span><\/p>\n<p><img loading=\"lazy\" decoding=\"async\" class=\"alignnone size-medium wp-image-351\" src=\"https:\/\/kierner.at\/wp-content\/uploads\/2017\/08\/Magnetschild-300x200.jpg\" alt=\"\" width=\"300\" height=\"200\" srcset=\"https:\/\/kierner.at\/wp-content\/uploads\/2017\/08\/Magnetschild-300x200.jpg 300w, https:\/\/kierner.at\/wp-content\/uploads\/2017\/08\/Magnetschild-768x512.jpg 768w, https:\/\/kierner.at\/wp-content\/uploads\/2017\/08\/Magnetschild-1024x683.jpg 1024w, https:\/\/kierner.at\/wp-content\/uploads\/2017\/08\/Magnetschild-500x334.jpg 500w, https:\/\/kierner.at\/wp-content\/uploads\/2017\/08\/Magnetschild.jpg 1772w\" sizes=\"auto, (max-width: 300px) 100vw, 300px\" \/><\/p>\n<p>Sollten Sie Ihr Fahrzeug betrieblich mit &#8222;Werbung&#8220; versehen aber privat &#8222;neutral&#8220; fahren wollen, sind Magnettafeln die ideale L\u00f6sung.<\/p>\n<p>Die einfache und schnelle Anbringung und die leichte Abnehmbarkeit wird Sie \u00fcberzeugen.<\/p>\n<p>Folgende Hinweise sollten jedoch beachtet werden:<br \/>\nDer Untergrund muss absolut trocken, sauber und staubfrei sein.<br \/>\nNur auf glatten Fl\u00e4chen verwenden, nicht \u00fcber Kanten oder Zierleisten verlegen.<br \/>\nVor der Autow\u00e4sche geh\u00f6ren die Magnettafeln entfernt.<br \/>\nMagnetschilder immer flach, ohne Knicke, k\u00fchl und trocken lagern.<\/p>\n<p><strong>Pflege:<\/strong> Die Magnettafeln jede Woche abnehmen, Untergrund sowie die Magnetschilder reinigen (mit Wasser und einigen Tropfen Sp\u00fclmittel oder Fl\u00fcssigseife), trocknen lassen und erst dann wieder anbringen.<br \/>\nBei Metallic- oder Nachlackierungen sowie im Sommer empfiehlt sich diese Pflege alle 2 Tage.<\/p>\n","protected":false},"excerpt":{"rendered":"<p>Bestellinformationen | Folieninformationen | Montageanleitungen | Folienabl\u00f6setipps | Magnetfolienschilder &nbsp; BESTELLINFORMATION Kommen Sie mit ihren Ideen und W\u00fcnschen zu uns. Wir beraten Sie gerne und erstellen ein kostenloses Preisangebot. F\u00fcr eine Bestellung ben\u00f6tigen wir\u00a0 folgende Informationen: Menge. Text (Logos\/Vorlagen\/Bilder oder Daten*). Bei Texten ohne Vorlage bitte Schriftnamen angeben. Formate (Schriftgr\u00f6\u00dfen oder Schilder- oder Fensterformate) in mm, bei Autos die Marke,<\/p>\n","protected":false},"author":1,"featured_media":0,"parent":0,"menu_order":4,"comment_status":"closed","ping_status":"closed","template":"","meta":{"footnotes":""},"class_list":["post-24","page","type-page","status-publish","hentry"],"_links":{"self":[{"href":"https:\/\/kierner.at\/index.php?rest_route=\/wp\/v2\/pages\/24","targetHints":{"allow":["GET"]}}],"collection":[{"href":"https:\/\/kierner.at\/index.php?rest_route=\/wp\/v2\/pages"}],"about":[{"href":"https:\/\/kierner.at\/index.php?rest_route=\/wp\/v2\/types\/page"}],"author":[{"embeddable":true,"href":"https:\/\/kierner.at\/index.php?rest_route=\/wp\/v2\/users\/1"}],"replies":[{"embeddable":true,"href":"https:\/\/kierner.at\/index.php?rest_route=%2Fwp%2Fv2%2Fcomments&post=24"}],"version-history":[{"count":38,"href":"https:\/\/kierner.at\/index.php?rest_route=\/wp\/v2\/pages\/24\/revisions"}],"predecessor-version":[{"id":535,"href":"https:\/\/kierner.at\/index.php?rest_route=\/wp\/v2\/pages\/24\/revisions\/535"}],"wp:attachment":[{"href":"https:\/\/kierner.at\/index.php?rest_route=%2Fwp%2Fv2%2Fmedia&parent=24"}],"curies":[{"name":"wp","href":"https:\/\/api.w.org\/{rel}","templated":true}]}}