{"id":567,"date":"2022-04-27T11:31:54","date_gmt":"2022-04-27T09:31:54","guid":{"rendered":"http:\/\/kierner.at\/?page_id=567"},"modified":"2022-04-29T10:42:38","modified_gmt":"2022-04-29T08:42:38","slug":"update","status":"publish","type":"page","link":"https:\/\/kierner.at\/","title":{"rendered":"Update"},"content":{"rendered":"\n<br \/>\n<br \/>\n<br \/>\n<p><p>Vielen Dank f\u00fcr Ihr Interesse an unserem Unternehmen. Wir haben ab 30. April 2022 nach mehr als 30 Jahren die Gesch\u00e4ftst\u00e4tigkeit eingestellt.<\/p>\n<br><\/p>\n\n\n\n<p><p>F\u00fcr Anfragen, Bestellungen, Auftr\u00e4ge f\u00fcr Beschriftungen, Werbetechnik und Digitaldruck ist ab sofort das Team von FormatOrange sehr gerne f\u00fcr Sie da.<\/p>\n<br><\/p>\n\n\n<table>\n<tbody>\n<tr>\n<td>Hier gelangen Sie direkt zur Webseite<\/td>\n<td><a href=\"http:\/\/www.formatorange.at\"><img loading=\"lazy\" decoding=\"async\" class=\"alignnone wp-image-584\" src=\"https:\/\/kierner.at\/wp-content\/uploads\/2022\/04\/F.O._logo.jpg\" alt=\"\" width=\"469\" height=\"75\" srcset=\"https:\/\/kierner.at\/wp-content\/uploads\/2022\/04\/F.O._logo.jpg 1002w, https:\/\/kierner.at\/wp-content\/uploads\/2022\/04\/F.O._logo-300x48.jpg 300w, https:\/\/kierner.at\/wp-content\/uploads\/2022\/04\/F.O._logo-768x123.jpg 768w, https:\/\/kierner.at\/wp-content\/uploads\/2022\/04\/F.O._logo-500x80.jpg 500w\" sizes=\"auto, (max-width: 469px) 100vw, 469px\" \/><\/a><\/td>\n<\/tr>\n<\/tbody>\n<\/table>\n\n\n<p><br>\n<p>Herzlichen Dank f\u00fcr Ihre Treue &#8211; wir w\u00fcnschen Ihnen alles Gute!<\/p>\n<br>\n<br>\n<br><\/p>\n","protected":false},"excerpt":{"rendered":"<p>Vielen Dank f\u00fcr Ihr Interesse an unserem Unternehmen. Wir haben ab 30. April 2022 nach mehr als 30 Jahren die Gesch\u00e4ftst\u00e4tigkeit eingestellt. F\u00fcr Anfragen, Bestellungen, Auftr\u00e4ge f\u00fcr Beschriftungen, Werbetechnik und Digitaldruck ist ab sofort das Team von FormatOrange sehr gerne f\u00fcr Sie da. Hier gelangen Sie direkt zur Webseite Herzlichen Dank f\u00fcr Ihre Treue &#8211; wir w\u00fcnschen Ihnen alles Gute!<\/p>\n","protected":false},"author":1,"featured_media":0,"parent":0,"menu_order":0,"comment_status":"closed","ping_status":"closed","template":"","meta":{"footnotes":""},"class_list":["post-567","page","type-page","status-publish","hentry"],"_links":{"self":[{"href":"https:\/\/kierner.at\/index.php?rest_route=\/wp\/v2\/pages\/567","targetHints":{"allow":["GET"]}}],"collection":[{"href":"https:\/\/kierner.at\/index.php?rest_route=\/wp\/v2\/pages"}],"about":[{"href":"https:\/\/kierner.at\/index.php?rest_route=\/wp\/v2\/types\/page"}],"author":[{"embeddable":true,"href":"https:\/\/kierner.at\/index.php?rest_route=\/wp\/v2\/users\/1"}],"replies":[{"embeddable":true,"href":"https:\/\/kierner.at\/index.php?rest_route=%2Fwp%2Fv2%2Fcomments&post=567"}],"version-history":[{"count":24,"href":"https:\/\/kierner.at\/index.php?rest_route=\/wp\/v2\/pages\/567\/revisions"}],"predecessor-version":[{"id":628,"href":"https:\/\/kierner.at\/index.php?rest_route=\/wp\/v2\/pages\/567\/revisions\/628"}],"wp:attachment":[{"href":"https:\/\/kierner.at\/index.php?rest_route=%2Fwp%2Fv2%2Fmedia&parent=567"}],"curies":[{"name":"wp","href":"https:\/\/api.w.org\/{rel}","templated":true}]}}